{"id":2338,"date":"2021-04-12T10:21:40","date_gmt":"2021-04-12T08:21:40","guid":{"rendered":"https:\/\/trg-nepremicnin.webis.technology\/?page_id=2338"},"modified":"2022-11-04T09:22:50","modified_gmt":"2022-11-04T08:22:50","slug":"naroci-trgoskop","status":"publish","type":"page","link":"https:\/\/trgnepremicnin.si\/sl\/naroci-trgoskop\/","title":{"rendered":"Naro\u010dilo Trgoskopa"},"content":{"rendered":"<div class=\"wpb-content-wrapper\"><p>[vc_row][vc_column]<div class=\"tm-element-heading-wrapper tm-heading-inner tm-element-align-left tm-seperator-none tm-heading-style-vertical \"><section class=\"tm-vc_cta3-container\"><div class=\"tm-vc_general tm-vc_cta3 tm-cta3-only tm-vc_cta3-style-classic tm-vc_cta3-shape-rounded tm-vc_cta3-align-left tm-vc_cta3-color-transparent tm-vc_cta3-icon-size-md tm-vc_cta3-actions-no tm-cta3-with-desc\"><div class=\"tm-vc_cta3_content-container\"><div class=\"tm-vc_cta3-content\"><header class=\"tm-vc_cta3-content-header tm-wrap\"><div class=\"tm-vc_cta3-headers tm-wrap-cell\"><h4 class=\"tm-custom-heading \" >Kako skleniti naro\u010dni\u0161ko razmerje za uporabo Trgoskopa?<\/h4>\n<h2 class=\"tm-custom-heading \" >Sklenitev naro\u010dni\u0161kega razmerja<\/h2>\n<\/div><div class=\"heading-seperator\"><span><\/span><\/div><\/header><div class=\"tm-cta3-content-wrapper\">\n<ul>\n<li>po\u00a0<strong>telefonu<\/strong>\u00a0na \u0161tevilki\u00a0<span class=\"skype_c2c_print_container notranslate\">01\/200 29 29 ali\u00a0<\/span><span id=\"skype_c2c_container\" class=\"skype_c2c_container notranslate\" dir=\"ltr\"><span class=\"skype_c2c_highlighting_inactive_common\" dir=\"ltr\"><span id=\"non_free_num_ui\" class=\"skype_c2c_textarea_span\"><img loading=\"lazy\" decoding=\"async\" class=\"skype_c2c_logo_img\" src=\"resource:\/\/skype_ff_extension-at-jetpack\/skype_ff_extension\/data\/call_skype_logo.png\" alt=\"\" width=\"0\" height=\"0\" \/><span class=\"skype_c2c_text_span\">01\/200 29 29<\/span><span class=\"skype_c2c_free_text_span\">\u00a0<\/span><\/span><\/span><\/span><\/li>\n<li>po\u00a0<strong>elektronski po\u0161ti<\/strong>\u00a0na naslovu\u00a0<a href=\"mailto:info@trgnepremicnin.si\">info@trgnepremicnin.si<\/a><\/li>\n<li>na\u00a0<strong>spletnem portalu<\/strong>, po korakih, ki so opisani spodaj.<\/li>\n<\/ul>\n<p><\/div><\/div><\/div><\/div><\/section><\/div> <!-- .tm-element-heading-wrapper container --> [\/vc_column][\/vc_row][vc_row tm_bgcolor=&#8221;grey&#8221; tm_bgimagefixed=&#8221;&#8221; full_width=&#8221;stretch_row&#8221; css=&#8221;.vc_custom_1667550159079{padding-top: 40px !important;padding-bottom: 40px !important;}&#8221;][vc_column]<div class=\"tm-element-heading-wrapper tm-heading-inner tm-element-align-left tm-seperator-none tm-heading-style-vertical  vc_custom_1641197048571\"><section class=\"tm-vc_cta3-container\"><div class=\"tm-vc_general tm-vc_cta3 tm-cta3-only tm-vc_cta3-style-classic tm-vc_cta3-shape-rounded tm-vc_cta3-align-left tm-vc_cta3-color-transparent tm-vc_cta3-icon-size-md tm-vc_cta3-actions-no tm-cta3-with-desc\"><div class=\"tm-vc_cta3_content-container\"><div class=\"tm-vc_cta3-content\"><header class=\"tm-vc_cta3-content-header tm-wrap\"><div class=\"tm-vc_cta3-headers tm-wrap-cell\"><h4 class=\"tm-custom-heading \" >\u017delite sami opraviti registracijo prek spletnega portala?<\/h4>\n<h2 class=\"tm-custom-heading \" >Samostojna sklenitev naro\u010dni\u0161kega razmerja<\/h2>\n<\/div><div class=\"heading-seperator\"><span><\/span><\/div><\/header><div class=\"tm-cta3-content-wrapper\">\n<ol>\n<li>Preverite<strong>\u00a0PONUDBO NARO\u010cNI\u0160KIH PAKETOV.<\/strong>\n<ul>\n<li>na\u0161o ponudbo naro\u010dni\u0161kih paketov si lahko ogledate na <a href=\"https:\/\/www.trgnepremicnin.si\/cenik-aplikacije-trgoskop\/\">tej povezavi<\/a>.<\/li>\n<\/ul>\n<\/li>\n<li>Naro\u010dni\u0161ki paket lahko sklenejo samo\u00a0<strong>REGISTRIRANI UPORABNIKI<\/strong>.\n<ul>\n<li>Registracijo lahko opravite na <a href=\"https:\/\/apps.arvio.si\/registration\">tej povezavi<\/a>.<\/li>\n<li>Pri registraciji si izberete uporabni\u0161ko ime in geslo s katerim boste dostopali do aplikacije Trgoskop. Na va\u0161 e-naslov boste prejeli sporo\u010dilo s povezavo za aktiviranje izbranega uporabni\u0161kega imena.<\/li>\n<\/ul>\n<\/li>\n<li>Prijavite se z va\u0161im uporabni\u0161kim imenom in geslom\n<ul>\n<li>Prijavite se lahko na <a href=\"https:\/\/apps.arvio.si\/\">tej povezavi<\/a>.<\/li>\n<\/ul>\n<\/li>\n<li>Naro\u010dite poljubni paket.\n<ul>\n<li>Na voljo sta dva paketa:\u00a0<strong>Trgoskop LITE<\/strong>\u00a0in\u00a0<strong>Trgoskop PRO<\/strong><\/li>\n<li>Podrobnosti posameznega paketa so navedene na ceniku in si jih lahko ogledate\u00a0<a href=\"https:\/\/www.trgnepremicnin.si\/cenik-aplikacije-trgoskop\/\">tukaj<\/a>.<\/li>\n<\/ul>\n<\/li>\n<li>Pla\u010dilo paketa.\n<ul>\n<li>Po naro\u010dilu paketa prejmete kopijo ra\u010duna po e-po\u0161ti, originalen ra\u010dun Vam bomo poslali po navadni po\u0161ti. Uporaba izbranega paketa Vam je odobrena po pla\u010dilu ra\u010duna.<\/li>\n<\/ul>\n<\/li>\n<\/ol>\n<p><\/div><\/div><\/div><\/div><\/section><\/div> <!-- .tm-element-heading-wrapper container --> [\/vc_column][\/vc_row]<\/p>\n<\/div>","protected":false},"excerpt":{"rendered":"<p>[vc_row][vc_column][\/vc_column][\/vc_row][vc_row tm_bgcolor=&#8221;grey&#8221; tm_bgimagefixed=&#8221;&#8221; full_width=&#8221;stretch_row&#8221; css=&#8221;.vc_custom_1667550159079{padding-top: 40px !important;padding-bottom: 40px !important;}&#8221;][vc_column][\/vc_column][\/vc_row]<\/p>\n","protected":false},"author":1,"featured_media":0,"parent":0,"menu_order":0,"comment_status":"closed","ping_status":"closed","template":"","meta":{"footnotes":"","_links_to":"","_links_to_target":""},"class_list":["post-2338","page","type-page","status-publish","hentry"],"_links":{"self":[{"href":"https:\/\/trgnepremicnin.si\/sl\/wp-json\/wp\/v2\/pages\/2338","targetHints":{"allow":["GET"]}}],"collection":[{"href":"https:\/\/trgnepremicnin.si\/sl\/wp-json\/wp\/v2\/pages"}],"about":[{"href":"https:\/\/trgnepremicnin.si\/sl\/wp-json\/wp\/v2\/types\/page"}],"author":[{"embeddable":true,"href":"https:\/\/trgnepremicnin.si\/sl\/wp-json\/wp\/v2\/users\/1"}],"replies":[{"embeddable":true,"href":"https:\/\/trgnepremicnin.si\/sl\/wp-json\/wp\/v2\/comments?post=2338"}],"version-history":[{"count":15,"href":"https:\/\/trgnepremicnin.si\/sl\/wp-json\/wp\/v2\/pages\/2338\/revisions"}],"predecessor-version":[{"id":2973,"href":"https:\/\/trgnepremicnin.si\/sl\/wp-json\/wp\/v2\/pages\/2338\/revisions\/2973"}],"wp:attachment":[{"href":"https:\/\/trgnepremicnin.si\/sl\/wp-json\/wp\/v2\/media?parent=2338"}],"curies":[{"name":"wp","href":"https:\/\/api.w.org\/{rel}","templated":true}]}}