{"id":2350,"date":"2021-04-12T10:33:12","date_gmt":"2021-04-12T08:33:12","guid":{"rendered":"https:\/\/trg-nepremicnin.webis.technology\/?page_id=2350"},"modified":"2022-01-17T13:25:19","modified_gmt":"2022-01-17T12:25:19","slug":"cenik-aplikacije-trgoskop","status":"publish","type":"page","link":"https:\/\/trgnepremicnin.si\/sl\/cenik-aplikacije-trgoskop\/","title":{"rendered":"Cenik aplikacije Trgoskop"},"content":{"rendered":"<div class=\"wpb-content-wrapper\"><p>[vc_row][vc_column]<div class=\"tm-element-heading-wrapper tm-heading-inner tm-element-align-left tm-seperator-none tm-heading-style-vertical \"><section class=\"tm-vc_cta3-container\"><div class=\"tm-vc_general tm-vc_cta3 tm-cta3-only tm-vc_cta3-style-classic tm-vc_cta3-shape-rounded tm-vc_cta3-align-left tm-vc_cta3-color-transparent tm-vc_cta3-icon-size-md tm-vc_cta3-actions-no tm-cta3-with-desc\"><div class=\"tm-vc_cta3_content-container\"><div class=\"tm-vc_cta3-content\"><header class=\"tm-vc_cta3-content-header tm-wrap\"><div class=\"tm-vc_cta3-headers tm-wrap-cell\"><h4 class=\"tm-custom-heading \" >Cenik Trgoskop Lite \/ PRO<\/h4>\n<h2 class=\"tm-custom-heading \" >Vas zanimajo cene na\u0161ih paketov programa Trgoskop?<\/h2>\n<\/div><div class=\"heading-seperator\"><span><\/span><\/div><\/header><div class=\"tm-cta3-content-wrapper\"><p>Na portalu Trg nepremi\u010dnin je na voljo aplikacija Trgoskop, ki omogo\u010da dostop do sve\u017eih podatkov o sklenjenih nepremi\u010dninskih poslih. Uporaba Trgoskopa je na voljo za vse registrirane uporabnike, ki imajo sklenjen naro\u010dni\u0161ki paket.<\/p>\n<p>Za vas smo pripravili dva naro\u010dni\u0161ka paketa:\u00a0<strong>Trgoskop LITE<\/strong>\u00a0in\u00a0<strong>Trgoskop PRO<\/strong>.<\/p>\n<p>V spodnjem ceniku so navedene cene (brez DDV) za letni nakup aplikacije Trgoskop. Stro\u0161kov vzpostavitve ni, brez vezave in brez namestitev.<\/p>\n<p>&nbsp;<\/p>\n<p><\/div><\/div><\/div><\/div><\/section><\/div> <!-- .tm-element-heading-wrapper container --> <div class=\"themetechmount-ptables-w wpb_content_element\"><div class=\"ttm-pricetable-column-w tm-ptablebox-featured-col \"><div class=\"ttm-pricetable-column-inner tm-currency-after\">\n\n<div class=\"tm-ptablebox tm-ptablebox-style-1 \">\n\t\n\t<div class=\"themetechmount-ptable-main\">\n\t\t<div class=\"tm-ptablebox-title\"><h3>Trgoskop Lite<\/h3><\/div>\n\t\t<div class=\"tm-ptablebox-desc\"><\/div>\n\t<\/div>\n\t<div class=\"tm-ptablebox-content\">\n\t    <div class=\"ttm-ptablebox-price-w\">\n\t\t\t\t\t\t<div class=\"tm-ptablebox-price\">495<\/div>\n\t\t\t<div class=\"tm-ptablebox-cur-symbol-after\">\u20ac<\/div>\t\n\t\t\t<div class=\"tm-ptablebox-frequency\">Letno<\/div>\n\t\t<\/div>\n\t\t<div class=\"tm-ptablebox-features\">\n\t\t\t<ul class=\"tm-feature-lines\"><li>\u0160tevilo uporabnikov: 1<\/li><li>Vpogled in iskanje podatkov iz Registra nepremi\u010dnin (REN)<\/li><li>Prikaz podatkov zemlji\u0161kega katastra (ZK)<\/li><li>Splo\u0161en iskalnik po bazi sklenjenih transakcij (ETN)<\/li><li>Izvoz transakcij\t<\/li><li>Izvoz zemljevidov\t<\/li><\/ul>\t\t<\/div>\t\t\n\t<\/div>\n\t\t\t\t\r\n\t\t<div class=\"tm-vc_btn3-container tm-vc_btn3-inline\"><a class=\"tm-vc_general tm-vc_btn3 tm-vc_btn3-size-md tm-vc_btn3-shape-rounded tm-vc_btn3-style-outline tm-vc_btn3-weight-no tm-vc_btn3-color-black\" href=\"https:\/\/www.trgnepremicnin.si\/naroci-trgoskop\/\" title=\"\">Naro\u010dite Lite<\/a><\/div>\t<\/div>\n\n\n<\/div><\/div><div class=\"ttm-pricetable-column-w  \"><div class=\"ttm-pricetable-column-inner tm-currency-after\">\n\n<div class=\"tm-ptablebox tm-ptablebox-style-1 \">\n\t\n\t<div class=\"themetechmount-ptable-main\">\n\t\t<div class=\"tm-ptablebox-title\"><h3>Trgoskop Pro<\/h3><\/div>\n\t\t<div class=\"tm-ptablebox-desc\"><\/div>\n\t<\/div>\n\t<div class=\"tm-ptablebox-content\">\n\t    <div class=\"ttm-ptablebox-price-w\">\n\t\t\t\t\t\t<div class=\"tm-ptablebox-price\">1100<\/div>\n\t\t\t<div class=\"tm-ptablebox-cur-symbol-after\">\u20ac<\/div>\t\n\t\t\t<div class=\"tm-ptablebox-frequency\">Letno<\/div>\n\t\t<\/div>\n\t\t<div class=\"tm-ptablebox-features\">\n\t\t\t<ul class=\"tm-feature-lines\"><li>\u0160tevilo uporabnikov: 1<\/li><li>Vpogled in iskanje podatkov iz Registra nepremi\u010dnin (REN)<\/li><li>Prikaz podatkov zemlji\u0161kega katastra (ZK)\t<\/li><li>Splo\u0161en iskalnik po bazi sklenjenih transakcij (ETN)\t<\/li><li>Avtomatsko iskanje primerljivih prodaj\/oddaj\t<\/li><li>Izvoz transakcij\t<\/li><li>Izvoz podrobnih podatkov o primerljivih transakcijah\t<\/li><li>Izvoz zemljevidov\t<\/li><li>Vmesnik za izvedbo analize trga\t<\/li><li>Nepremi\u010dninske novice \t<\/li><li>Nepremi\u010dninske statistike\t<\/li><\/ul>\t\t<\/div>\t\t\n\t<\/div>\n\t\t\t\t\r\n\t\t<div class=\"tm-vc_btn3-container tm-vc_btn3-inline\"><a class=\"tm-vc_general tm-vc_btn3 tm-vc_btn3-size-md tm-vc_btn3-shape-rounded tm-vc_btn3-style-outline tm-vc_btn3-weight-no tm-vc_btn3-color-black\" href=\"https:\/\/www.trgnepremicnin.si\/naroci-trgoskop\/\" title=\"\">Naro\u010dite Pro<\/a><\/div>\t<\/div>\n\n\n<\/div><\/div><\/div>[vc_column_text]<strong>Opombe:<\/strong><\/p>\n<ul>\n<li>1 uporabnik pomeni eno uporabni\u0161ko ime in uporabo v pri\u010dakovanem obsegu za enega uporabnika, ki je skladna z obi\u010dajnimi vzorci uporabe.<\/li>\n<li><strong>Popusti: <\/strong>koli\u010dinski popust pri nakupu 2 ali ve\u010d naro\u010dni\u0161kih paketov.<\/li>\n<\/ul>\n<p><strong>Za vse dodatne informacije nas lahko pokli\u010dete na 01\/ 200 29 29 ali nam pi\u0161ite na\u00a0<a href=\"mailto:pomoc@trgnepremicnin.si\">pomoc@trgnepremicnin.si<\/a>.<\/strong>[\/vc_column_text][\/vc_column][\/vc_row][vc_row][vc_column][\/vc_column][\/vc_row]<\/p>\n<\/div>","protected":false},"excerpt":{"rendered":"<p>[vc_row][vc_column][vc_column_text]Opombe: 1 uporabnik pomeni eno uporabni\u0161ko ime in uporabo v pri\u010dakovanem obsegu za enega uporabnika, ki je skladna z obi\u010dajnimi vzorci uporabe. Popusti: koli\u010dinski popust pri nakupu 2 ali ve\u010d naro\u010dni\u0161kih paketov. Za vse dodatne informacije nas lahko pokli\u010dete na 01\/ 200 29 29 ali nam pi\u0161ite na\u00a0pomoc@trgnepremicnin.si.[\/vc_column_text][\/vc_column][\/vc_row][vc_row][vc_column][\/vc_column][\/vc_row]<\/p>\n","protected":false},"author":1,"featured_media":0,"parent":0,"menu_order":0,"comment_status":"closed","ping_status":"closed","template":"","meta":{"footnotes":"","_links_to":"","_links_to_target":""},"class_list":["post-2350","page","type-page","status-publish","hentry"],"_links":{"self":[{"href":"https:\/\/trgnepremicnin.si\/sl\/wp-json\/wp\/v2\/pages\/2350","targetHints":{"allow":["GET"]}}],"collection":[{"href":"https:\/\/trgnepremicnin.si\/sl\/wp-json\/wp\/v2\/pages"}],"about":[{"href":"https:\/\/trgnepremicnin.si\/sl\/wp-json\/wp\/v2\/types\/page"}],"author":[{"embeddable":true,"href":"https:\/\/trgnepremicnin.si\/sl\/wp-json\/wp\/v2\/users\/1"}],"replies":[{"embeddable":true,"href":"https:\/\/trgnepremicnin.si\/sl\/wp-json\/wp\/v2\/comments?post=2350"}],"version-history":[{"count":14,"href":"https:\/\/trgnepremicnin.si\/sl\/wp-json\/wp\/v2\/pages\/2350\/revisions"}],"predecessor-version":[{"id":2822,"href":"https:\/\/trgnepremicnin.si\/sl\/wp-json\/wp\/v2\/pages\/2350\/revisions\/2822"}],"wp:attachment":[{"href":"https:\/\/trgnepremicnin.si\/sl\/wp-json\/wp\/v2\/media?parent=2350"}],"curies":[{"name":"wp","href":"https:\/\/api.w.org\/{rel}","templated":true}]}}