{"id":2381,"date":"2021-04-19T12:32:44","date_gmt":"2021-04-19T10:32:44","guid":{"rendered":"https:\/\/trg-nepremicnin.webis.technology\/?page_id=2381"},"modified":"2022-11-04T09:25:58","modified_gmt":"2022-11-04T08:25:58","slug":"predstavitev-aplikacije-nvaluta","status":"publish","type":"page","link":"https:\/\/trgnepremicnin.si\/sl\/predstavitev-aplikacije-nvaluta\/","title":{"rendered":"Predstavitev aplikacije nValuTa"},"content":{"rendered":"<div class=\"wpb-content-wrapper\"><p>[vc_row][vc_column][vc_row_inner][vc_column_inner width=&#8221;1\/2&#8243;][vc_single_image image=&#8221;2779&#8243; img_size=&#8221;400&#215;65&#8243; add_caption=&#8221;yes&#8221;][\/vc_column_inner][vc_column_inner width=&#8221;1\/2&#8243;][vc_single_image image=&#8221;2780&#8243; img_size=&#8221;600&#215;166&#8243; alignment=&#8221;center&#8221;][\/vc_column_inner][\/vc_row_inner]<div class=\"tm-element-heading-wrapper tm-heading-inner tm-element-align-left tm-seperator-none tm-heading-style-vertical \"><section class=\"tm-vc_cta3-container\"><div class=\"tm-vc_general tm-vc_cta3 tm-cta3-only tm-vc_cta3-style-classic tm-vc_cta3-shape-rounded tm-vc_cta3-align-left tm-vc_cta3-color-transparent tm-vc_cta3-icon-size-md tm-vc_cta3-actions-no tm-cta3-with-desc\"><div class=\"tm-vc_cta3_content-container\"><div class=\"tm-vc_cta3-content\"><header class=\"tm-vc_cta3-content-header tm-wrap\"><div class=\"tm-vc_cta3-headers tm-wrap-cell\"><h4 class=\"tm-custom-heading \" >Aplikacija nValuTa je mobilna aplikacija s funkcijami izbolj\u0161ane resni\u010dnosti, s katero raziskujete vrednosti nepremi\u010dnin in opravljenih poslov z nepremi\u010dninami v Sloveniji.<\/h4>\n<h2 class=\"tm-custom-heading \" >Kaj je nValuTa?<\/h2>\n<\/div><div class=\"heading-seperator\"><span><\/span><\/div><\/header><div class=\"tm-cta3-content-wrapper\"><p>Uporabniki pametnih telefonov in tabli\u010dnih ra\u010dunalnikov lahko brezpla\u010dno dostopajo do podatkov o sklenjenih nepremi\u010dninskih poslih v okolici njihovega trenutnega polo\u017eaja ter za dano lokacijo pridobijo \u0161e podatek o informativni tr\u017eni vrednosti referen\u010dnih nepremi\u010dnin. Storitve so na voljo za nepremi\u010dnine, ki so namenjene bivanju in opravljanju poslovne dejavnosti, tj. za hi\u0161e, stanovanja in poslovne prostore (pisarne).\u00a0<strong>\u00a0<\/strong><\/p>\n<p><strong>\u00a0<\/strong>nValuta je na voljo brezpla\u010dno v spletnih trgovinah AppStore in Google Play.<\/p><\/div><\/div><\/div><\/div><\/section><\/div> <!-- .tm-element-heading-wrapper container --> [vc_row_inner][vc_column_inner width=&#8221;1\/2&#8243;]\r\n\t\t<div class=\"tm-vc_btn3-container tm-vc_btn3-inline\"><a class=\"tm-vc_general tm-vc_btn3 tm-vc_btn3-size-md tm-vc_btn3-shape-rounded tm-vc_btn3-style-flat tm-vc_btn3-weight-no tm-vc_btn3-color-skincolor\" href=\"https:\/\/itunes.apple.com\/si\/app\/nvaluta\/id684779437?mt=8\" title=\"\">App Store<\/a><\/div>[\/vc_column_inner][vc_column_inner width=&#8221;1\/2&#8243;]\r\n\t\t<div class=\"tm-vc_btn3-container tm-vc_btn3-inline\"><a class=\"tm-vc_general tm-vc_btn3 tm-vc_btn3-size-md tm-vc_btn3-shape-rounded tm-vc_btn3-style-flat tm-vc_btn3-weight-no tm-vc_btn3-color-skincolor\" href=\"https:\/\/play.google.com\/store\/apps\/details?id=com.mediaatlas.gis\" title=\"\">Google Play<\/a><\/div>[\/vc_column_inner][\/vc_row_inner][\/vc_column][\/vc_row][vc_row tm_bgcolor=&#8221;grey&#8221; tm_bgimagefixed=&#8221;&#8221; full_width=&#8221;stretch_row&#8221; css=&#8221;.vc_custom_1667550289686{padding-top: 40px !important;padding-bottom: 40px !important;}&#8221;][vc_column width=&#8221;1\/2&#8243;][vc_video link=&#8221;https:\/\/youtu.be\/7wDMDv1ofTs&#8221;][\/vc_column][vc_column width=&#8221;1\/2&#8243;]<div class=\"tm-element-heading-wrapper tm-heading-inner tm-element-align-left tm-seperator-none tm-heading-style-vertical \"><section class=\"tm-vc_cta3-container\"><div class=\"tm-vc_general tm-vc_cta3 tm-cta3-only tm-vc_cta3-style-classic tm-vc_cta3-shape-rounded tm-vc_cta3-align-left tm-vc_cta3-color-transparent tm-vc_cta3-icon-size-md tm-vc_cta3-actions-no tm-cta3-with-desc\"><div class=\"tm-vc_cta3_content-container\"><div class=\"tm-vc_cta3-content\"><header class=\"tm-vc_cta3-content-header tm-wrap\"><div class=\"tm-vc_cta3-headers tm-wrap-cell\"><h4 class=\"tm-custom-heading \" >Kaj omogo\u010da nValuTa?<\/h4>\n<h2 class=\"tm-custom-heading \" >Funkcije aplikacije<\/h2>\n<\/div><div class=\"heading-seperator\"><span><\/span><\/div><\/header><div class=\"tm-cta3-content-wrapper\">\n<ul>\n<li>hiter, enostaven in brezpla\u010den dostop do podatkov sklenjenih poslov z nepremi\u010dninami v bli\u017eini trenutnega polo\u017eaja uporabnika;<\/li>\n<li>prikaz podrobnih podatkov o izbranem poslu (datum, cena, povr\u0161ina in lokacija nepremi\u010dnine);<\/li>\n<li>informativno vrednost kvadratnega metra referen\u010dne nepremi\u010dnine na lokaciji uporabnika;<\/li>\n<li>prikaz lokacije nepremi\u010dninskih poslov na kartografski podlagi;<\/li>\n<li>prikaz oddaljenosti in smeri do nepremi\u010dnin, ki so bile predmet posla;<\/li>\n<li>uporabo funkcije izbolj\u0161ane resni\u010dnosti, ki uporabniku preko vidnega polja kamere izri\u0161e obogaten, z geolociranimi posli raz\u0161irjen prikaz fizi\u010dnega sveta<\/li>\n<\/ul>\n<p><\/div><\/div><\/div><\/div><\/section><\/div> <!-- .tm-element-heading-wrapper container --> [\/vc_column][\/vc_row][vc_row tm_bgimagefixed=&#8221;&#8221; css=&#8221;.vc_custom_1667550296654{padding-top: 40px !important;padding-bottom: 40px !important;}&#8221;][vc_column]<div class=\"tm-element-heading-wrapper tm-heading-inner tm-element-align-left tm-seperator-none tm-heading-style-vertical \"><section class=\"tm-vc_cta3-container\"><div class=\"tm-vc_general tm-vc_cta3 tm-cta3-only tm-vc_cta3-style-classic tm-vc_cta3-shape-rounded tm-vc_cta3-align-left tm-vc_cta3-color-transparent tm-vc_cta3-icon-size-md tm-vc_cta3-actions-no tm-cta3-with-desc\"><div class=\"tm-vc_cta3_content-container\"><div class=\"tm-vc_cta3-content\"><header class=\"tm-vc_cta3-content-header tm-wrap\"><div class=\"tm-vc_cta3-headers tm-wrap-cell\"><h2 class=\"tm-custom-heading \" >Kako deluje nValuTa?<\/h2>\n<\/div><div class=\"heading-seperator\"><span><\/span><\/div><\/header><div class=\"tm-cta3-content-wrapper\"><p>Mobilna aplikacija nValuTa je odjemalec podatkov pod\u00adporne spletne aplikacije in uporabniku na prijazen na\u010din prika\u017ee podatke o tr\u017eni vrednosti nepremi\u010dnin na ob\u00admo\u010dju, kjer se le-ta trenutno nahaja.<\/p>\n<p>Postopek pridobivanja podatkov se pri\u010dne s posla\u00adnim obvestilom, kje se uporabnik nahaja (s strani GPS naprave). Najprej se preveri ustreznost njegove lokacije, nato se tvori spisek nepremi\u010dninskih poslov glede na izbrano vrsto nepremi\u010dnin, kot zadnje pa \u0161e ocena informativne vrednosti kvadratnega metra referen\u010dne nepremi\u010dnine izbrane vrste. Najve\u010dje \u0161tevilo poslov oziroma polmer iskanja lahko uporabnik spreminja v nastavitvah.<\/p>\n<p>Aplikacija omogo\u010da uporabo usmerjenega pogleda. Svojo pametno napravo s kamero usmerite na izbrano podro\u010dje z nepremi\u010dninami. Pogledu se izri\u0161ejo lokacije z informacijo o oddaljenosti in smeri neba od to\u010dke, kjer ste pozicionirani do nepremi\u010dnine, ki je bila predmet kupoprodajnega posla. S klikom na to\u010dko pridobite podrobnej\u0161e informacije poslih.<\/p>\n<p>Za delovanje vseh funkcionalnosti aplikacija potrebuje GPS, kompas, pospe\u0161kometer in \u017eiroskop. GPS je potreben za pridobivanje lokacije, kompas za ugotovitev smeri proti severu. Pospe\u0161komer se uporablja za ugotavljanje premikanja naprave, \u017eiroskop pa za ugotavljanje orientacije naprave. Usmerjen pogled ne deluje, \u010de naprava nima kompasa in \u017eiroskopa.<\/p><\/div><\/div><\/div><\/div><\/section><\/div> <!-- .tm-element-heading-wrapper container --> <div class=\"tm-element-heading-wrapper tm-heading-inner tm-element-align-left tm-seperator-none tm-heading-style-vertical \"><section class=\"tm-vc_cta3-container\"><div class=\"tm-vc_general tm-vc_cta3 tm-cta3-only tm-vc_cta3-style-classic tm-vc_cta3-shape-rounded tm-vc_cta3-align-left tm-vc_cta3-color-transparent tm-vc_cta3-icon-size-md tm-vc_cta3-actions-no tm-cta3-with-desc\"><div class=\"tm-vc_cta3_content-container\"><div class=\"tm-vc_cta3-content\"><header class=\"tm-vc_cta3-content-header tm-wrap\"><div class=\"tm-vc_cta3-headers tm-wrap-cell\"><h2 class=\"tm-custom-heading \" >Kateri podatki so uporabljeni v aplikaciji nValuTa?<\/h2>\n<\/div><div class=\"heading-seperator\"><span><\/span><\/div><\/header><div class=\"tm-cta3-content-wrapper\">\n<ul>\n<li>podatki Evidence trga nepremi\u010dnin (ETN) in<\/li>\n<li>Zbirke vrednotenja nepremi\u010dnin (ZVN) Geodetske uprave RS.<\/li>\n<\/ul>\n<p><\/div><\/div><\/div><\/div><\/section><\/div> <!-- .tm-element-heading-wrapper container --> <div class=\"tm-element-heading-wrapper tm-heading-inner tm-element-align-left tm-seperator-none tm-heading-style-vertical \"><section class=\"tm-vc_cta3-container\"><div class=\"tm-vc_general tm-vc_cta3 tm-cta3-only tm-vc_cta3-style-classic tm-vc_cta3-shape-rounded tm-vc_cta3-align-left tm-vc_cta3-color-transparent tm-vc_cta3-icon-size-md tm-vc_cta3-actions-no tm-cta3-with-desc\"><div class=\"tm-vc_cta3_content-container\"><div class=\"tm-vc_cta3-content\"><header class=\"tm-vc_cta3-content-header tm-wrap\"><div class=\"tm-vc_cta3-headers tm-wrap-cell\"><h2 class=\"tm-custom-heading \" >Na katerih napravah lahko uporabljam nValuTo?<\/h2>\n<\/div><div class=\"heading-seperator\"><span><\/span><\/div><\/header><div class=\"tm-cta3-content-wrapper\"><p>Uporaba je mogo\u010da na pametnih telefonih in tabli\u010dnih ra\u010dunalnikih z enim izmed operacijskih sistemov:<\/p>\n<ul>\n<li>Apple iOS 5+,<\/li>\n<li>Google Android ICS 4+.<\/li>\n<\/ul>\n<p>Uporabni\u0161ka navodila so na voljo\u00a0<a href=\"https:\/\/www.trgnepremicnin.si\/pomoc-za-aplikacijo-nvaluta\/\">tukaj<\/a>.<\/p><\/div><\/div><\/div><\/div><\/section><\/div> <!-- .tm-element-heading-wrapper container --> [\/vc_column][\/vc_row][vc_row tm_bgcolor=&#8221;grey&#8221; tm_bgimagefixed=&#8221;&#8221; full_width=&#8221;stretch_row&#8221; css=&#8221;.vc_custom_1667550304373{padding-top: 40px !important;}&#8221;][vc_column tm_bgcolor=&#8221;grey&#8221;]<div class=\"tm-element-heading-wrapper tm-heading-inner tm-element-align-left tm-seperator-none tm-heading-style-vertical \"><section class=\"tm-vc_cta3-container\"><div class=\"tm-vc_general tm-vc_cta3 tm-cta3-only tm-vc_cta3-style-classic tm-vc_cta3-shape-rounded tm-vc_cta3-align-left tm-vc_cta3-color-transparent tm-vc_cta3-icon-size-md tm-vc_cta3-actions-no tm-cta3-with-desc\"><div class=\"tm-vc_cta3_content-container\"><div class=\"tm-vc_cta3-content\"><header class=\"tm-vc_cta3-content-header tm-wrap\"><div class=\"tm-vc_cta3-headers tm-wrap-cell\"><h2 class=\"tm-custom-heading \" >Razvoj in financiranje aplikacije<\/h2>\n<\/div><div class=\"heading-seperator\"><span><\/span><\/div><\/header><div class=\"tm-cta3-content-wrapper\"><p>Aplikacija je bila razvita v okviru projekta iValuTa, katerega izvajalci so Geodetski in\u0161titut Slovenije, Fakulteta za elektrotehniko, ra\u010dunalni\u0161tvo in informatiko Univerze v Mariboru in Media Atlas. Naro\u010dnik projekta je\u00a0<a href=\"http:\/\/www.mizs.gov.si\/\">Ministrstvo za izobra\u017ee\u00advanje, znanost in \u0161port<\/a>. Delno je podprt s strani\u00a0<a href=\"http:\/\/www.eu-skladi.si\/skladi\/predstavitev-skladov\/evropski-sklad-za-regionalni-razvoj\">Evropskega sklada za regionalni razvoj<\/a>.<\/p>\n<p>Vrednost projekta: 120.470,40 EUR<\/p>\n<p>Viri financiranja:<\/p>\n<ul>\n<li>90 % Evropski sklad za regionalni razvoj. Projekt se je izvedel v okviru Operativnega programa krepitve regionalnih razvojnih potencialov za obdobje 2007 -2013, razvojne prioritete Gospodarsko razvojna infrastruktura, prednostne usmeritve Informacijska dru\u017eba.<\/li>\n<li>10 % lastna udele\u017eba<\/li>\n<\/ul>\n<p>Trajanje projekta: za\u010detek 21.8.2012 ; zaklju\u010dek 31.8.2013<\/p>\n<p>Kontaktna oseba: Katja Ti\u010d, tel:\u00a0<span class=\"skype_c2c_print_container notranslate\">01\/200 29 00<\/span><span id=\"skype_c2c_container\" class=\"skype_c2c_container notranslate\" dir=\"ltr\"><span class=\"skype_c2c_highlighting_inactive_common\" dir=\"ltr\"><span id=\"non_free_num_ui\" class=\"skype_c2c_textarea_span\"><img loading=\"lazy\" decoding=\"async\" class=\"skype_c2c_logo_img\" src=\"resource:\/\/skype_ff_extension-at-jetpack\/skype_ff_extension\/data\/call_skype_logo.png\" alt=\"\" width=\"0\" height=\"0\" \/><span class=\"skype_c2c_text_span\">01\/200 29 00<\/span><\/span><\/span><\/span><\/p>\n<p><\/div><\/div><\/div><\/div><\/section><\/div> <!-- .tm-element-heading-wrapper container --> [\/vc_column][\/vc_row][vc_row tm_bgimagefixed=&#8221;&#8221; css=&#8221;.vc_custom_1667550355032{padding-bottom: 40px !important;}&#8221;][vc_column width=&#8221;1\/3&#8243;][vc_single_image image=&#8221;2768&#8243; img_size=&#8221;350&#215;33&#8243; alignment=&#8221;center&#8221;][\/vc_column][vc_column width=&#8221;1\/3&#8243;][vc_single_image image=&#8221;2762&#8243; img_size=&#8221;300&#215;164&#8243; alignment=&#8221;center&#8221;][\/vc_column][vc_column width=&#8221;1\/3&#8243;][vc_single_image image=&#8221;2765&#8243; img_size=&#8221;258&#215;64&#8243; alignment=&#8221;center&#8221;][\/vc_column][\/vc_row]<\/p>\n<\/div>","protected":false},"excerpt":{"rendered":"<p>[vc_row][vc_column][vc_row_inner][vc_column_inner width=&#8221;1\/2&#8243;][vc_single_image image=&#8221;2779&#8243; img_size=&#8221;400&#215;65&#8243; add_caption=&#8221;yes&#8221;][\/vc_column_inner][vc_column_inner width=&#8221;1\/2&#8243;][vc_single_image image=&#8221;2780&#8243; img_size=&#8221;600&#215;166&#8243; alignment=&#8221;center&#8221;][\/vc_column_inner][\/vc_row_inner][vc_row_inner][vc_column_inner width=&#8221;1\/2&#8243;][\/vc_column_inner][vc_column_inner width=&#8221;1\/2&#8243;][\/vc_column_inner][\/vc_row_inner][\/vc_column][\/vc_row][vc_row tm_bgcolor=&#8221;grey&#8221; tm_bgimagefixed=&#8221;&#8221; full_width=&#8221;stretch_row&#8221; css=&#8221;.vc_custom_1667550289686{padding-top: 40px !important;padding-bottom: 40px !important;}&#8221;][vc_column width=&#8221;1\/2&#8243;][vc_video link=&#8221;https:\/\/youtu.be\/7wDMDv1ofTs&#8221;][\/vc_column][vc_column width=&#8221;1\/2&#8243;][\/vc_column][\/vc_row][vc_row tm_bgimagefixed=&#8221;&#8221; css=&#8221;.vc_custom_1667550296654{padding-top: 40px !important;padding-bottom: 40px !important;}&#8221;][vc_column][\/vc_column][\/vc_row][vc_row tm_bgcolor=&#8221;grey&#8221; tm_bgimagefixed=&#8221;&#8221; full_width=&#8221;stretch_row&#8221; css=&#8221;.vc_custom_1667550304373{padding-top: 40px !important;}&#8221;][vc_column tm_bgcolor=&#8221;grey&#8221;][\/vc_column][\/vc_row][vc_row tm_bgimagefixed=&#8221;&#8221; css=&#8221;.vc_custom_1667550355032{padding-bottom: 40px !important;}&#8221;][vc_column width=&#8221;1\/3&#8243;][vc_single_image image=&#8221;2768&#8243; img_size=&#8221;350&#215;33&#8243; alignment=&#8221;center&#8221;][\/vc_column][vc_column width=&#8221;1\/3&#8243;][vc_single_image image=&#8221;2762&#8243; img_size=&#8221;300&#215;164&#8243; alignment=&#8221;center&#8221;][\/vc_column][vc_column width=&#8221;1\/3&#8243;][vc_single_image image=&#8221;2765&#8243; img_size=&#8221;258&#215;64&#8243; alignment=&#8221;center&#8221;][\/vc_column][\/vc_row]<\/p>\n","protected":false},"author":1,"featured_media":0,"parent":0,"menu_order":0,"comment_status":"closed","ping_status":"closed","template":"","meta":{"footnotes":"","_links_to":"","_links_to_target":""},"class_list":["post-2381","page","type-page","status-publish","hentry"],"_links":{"self":[{"href":"https:\/\/trgnepremicnin.si\/sl\/wp-json\/wp\/v2\/pages\/2381","targetHints":{"allow":["GET"]}}],"collection":[{"href":"https:\/\/trgnepremicnin.si\/sl\/wp-json\/wp\/v2\/pages"}],"about":[{"href":"https:\/\/trgnepremicnin.si\/sl\/wp-json\/wp\/v2\/types\/page"}],"author":[{"embeddable":true,"href":"https:\/\/trgnepremicnin.si\/sl\/wp-json\/wp\/v2\/users\/1"}],"replies":[{"embeddable":true,"href":"https:\/\/trgnepremicnin.si\/sl\/wp-json\/wp\/v2\/comments?post=2381"}],"version-history":[{"count":50,"href":"https:\/\/trgnepremicnin.si\/sl\/wp-json\/wp\/v2\/pages\/2381\/revisions"}],"predecessor-version":[{"id":2976,"href":"https:\/\/trgnepremicnin.si\/sl\/wp-json\/wp\/v2\/pages\/2381\/revisions\/2976"}],"wp:attachment":[{"href":"https:\/\/trgnepremicnin.si\/sl\/wp-json\/wp\/v2\/media?parent=2381"}],"curies":[{"name":"wp","href":"https:\/\/api.w.org\/{rel}","templated":true}]}}