{"id":2410,"date":"2021-04-19T13:25:42","date_gmt":"2021-04-19T11:25:42","guid":{"rendered":"https:\/\/trg-nepremicnin.webis.technology\/?page_id=2410"},"modified":"2022-11-04T09:27:14","modified_gmt":"2022-11-04T08:27:14","slug":"pomoc-za-aplikacijo-nvaluta","status":"publish","type":"page","link":"https:\/\/trgnepremicnin.si\/sl\/pomoc-za-aplikacijo-nvaluta\/","title":{"rendered":"Pomo\u010d za aplikacijo nValuTa"},"content":{"rendered":"<div class=\"wpb-content-wrapper\"><p>[vc_row][vc_column]<div class=\"tm-element-heading-wrapper tm-heading-inner tm-element-align-left tm-seperator-none tm-heading-style-vertical \"><section class=\"tm-vc_cta3-container\"><div class=\"tm-vc_general tm-vc_cta3 tm-cta3-only tm-vc_cta3-style-classic tm-vc_cta3-shape-rounded tm-vc_cta3-align-left tm-vc_cta3-color-transparent tm-vc_cta3-icon-size-md tm-vc_cta3-actions-no tm-cta3-with-desc\"><div class=\"tm-vc_cta3_content-container\"><div class=\"tm-vc_cta3-content\"><header class=\"tm-vc_cta3-content-header tm-wrap\"><div class=\"tm-vc_cta3-headers tm-wrap-cell\"><h4 class=\"tm-custom-heading \" >Kako aplikacijo namestiti?<\/h4>\n<h2 class=\"tm-custom-heading \" >Namestitev aplikacije<\/h2>\n<\/div><div class=\"heading-seperator\"><span><\/span><\/div><\/header><div class=\"tm-cta3-content-wrapper\"><p>\u010ce \u017eelite na va\u0161em pametnem telefonu ali tabli\u010dnem ra\u010dunalniku uporabljati nValuTo, jo lahko brezpla\u010dno prenesete iz spletnih trgovin AppStore ali Google Play.<\/p>\n<p>Uporaba je mogo\u010da na pametnih telefonih in tabli\u010dnih ra\u010dunalnikih z enim izmed operacijskih sistemov: Apple iOS 5+, Google Android ICS 4+.<\/p><\/div><\/div><\/div><\/div><\/section><\/div> <!-- .tm-element-heading-wrapper container --> [vc_row_inner][vc_column_inner]\r\n\t\t<div class=\"tm-vc_btn3-container tm-vc_btn3-inline\"><a class=\"tm-vc_general tm-vc_btn3 tm-vc_btn3-size-md tm-vc_btn3-shape-rounded tm-vc_btn3-style-flat tm-vc_btn3-weight-no tm-vc_btn3-color-skincolor\" href=\"https:\/\/play.google.com\/store\/apps\/details?id=com.mediaatlas.gis\" title=\"\">Google Play<\/a><\/div>\r\n\t\t<div class=\"tm-vc_btn3-container tm-vc_btn3-inline\"><a class=\"tm-vc_general tm-vc_btn3 tm-vc_btn3-size-md tm-vc_btn3-shape-rounded tm-vc_btn3-style-flat tm-vc_btn3-weight-no tm-vc_btn3-color-skincolor\" href=\"https:\/\/itunes.apple.com\/si\/app\/nvaluta\/id684779437?mt=8\" title=\"\">App store<\/a><\/div>[\/vc_column_inner][\/vc_row_inner][\/vc_column][\/vc_row][vc_row tm_bgcolor=&#8221;grey&#8221; tm_bgimagefixed=&#8221;&#8221; full_width=&#8221;stretch_row&#8221; css=&#8221;.vc_custom_1667550431068{padding-top: 40px !important;padding-bottom: 40px !important;}&#8221;][vc_column width=&#8221;1\/4&#8243;]<div class=\"tm-single-image-wrapper imagestyle-one wpb_single_image vc_align_left \"><div class=\"tm-single-image-inner\"><img decoding=\"async\" src=\"https:\/\/www.trgnepremicnin.si\/wp-content\/uploads\/2021\/04\/screenshot_2013-08-06-11-39-36.png\" class=\"tm-single-image-img\" alt=\"\" \/><\/div><\/div><div class=\"tm-single-image-wrapper imagestyle-one wpb_single_image vc_align_left \"><div class=\"tm-single-image-inner\"><img decoding=\"async\" src=\"https:\/\/www.trgnepremicnin.si\/wp-content\/uploads\/2021\/04\/ikoona.png\" class=\"tm-single-image-img\" alt=\"\" \/><\/div><\/div><div class=\"tm-single-image-wrapper imagestyle-one wpb_single_image vc_align_left \"><div class=\"tm-single-image-inner\"><img decoding=\"async\" src=\"https:\/\/www.trgnepremicnin.si\/wp-content\/uploads\/2021\/04\/screenshot_2013-08-09-11-24-31.png\" class=\"tm-single-image-img\" alt=\"\" \/><\/div><\/div>[\/vc_column][vc_column width=&#8221;3\/4&#8243;][vc_column_text]Po uspe\u0161nem prenosu aplikacije iz spletne trgovine se bo na va\u0161i napravi pojavila ikona za zagon aplikacije (slika 1).<\/p>\n<p>Ko se aplikacija nalo\u017ei, se na zaslonu pojavi kartografska podlaga (slika 2), na kateri so ozna\u010dene lokacije nepremi\u010dnin, ki so bile v zadnjih letih predmet prometa. Po prednastavitvah so prikazane lokacije hi\u0161. Uporabnik lahko izbira \u0161e med prikazom lokacij stanovanj in poslovnih prostorov (pisarn). Izbor \u017eeljenega tipa nepremi\u010dnin opravi v meniju.<\/p>\n<p>Z izborom posamezne to\u010dke na kartografski podlagi, ki predstavja nepremi\u010dninski posel, se odpre okno s podrobnimi podatki o poslu (datum, pogodbena cena, povr\u0161ina in lokacija).<\/p>\n<p><strong>\u201cPosli\u201d\u00a0<\/strong><\/p>\n<p>Seznam vseh poslov v neposredni bli\u017eini uporabnika. V seznamu so posli razvr\u0161\u010deni po datumu sklenitve posla od najnovej\u0161ih do najstarej\u0161ih. Za vsak posel je naveden podatek o oddaljenost ter smeri glede na polo\u017eaj uporabnika ter pogodbena vrednost. \u010ce podatek o vrednosti ne obstaja, se pojavi zapis &#8220;null&#8221; \u20ac. Z izbiro posla na seznamu pridobimo podrobnej\u0161e informacije.<\/p>\n<p><strong>&#8220;Pogled&#8221;<\/strong><\/p>\n<p>Usmerjen pogled uporabniku preko vidnega polja kamere izri\u0161e obogaten, z geolociranimi posli raz\u0161irjen prikaz fizi\u010dnega sveta, kot ga vidi kamera. S premikanjem naprave uporabnik spreminja smer pogleda kamere. S pritiskom na posamezen posel dostopa do podrobnih informacij. Uporabnik tako intiutivno vpliva na prikaz poslov, ki ga zanimajo v izbrani smeri, izbolj\u0161ana res\u00adni\u010dnost pa mu omogo\u010da hiter dostop do informacij.<\/p>\n<p><strong>\u00a0&#8220;Ocena&#8221;\u00a0<\/strong><\/p>\n<p>Pridobitev informacije o informativni vrednosti nepremi\u010dnine. Informativna tr\u017ena vrednost nepremi\u010dnine (\u20ac\/m<sup>2<\/sup>) je vrednost kvadratnega metra referen\u010dnega stanovanja, hi\u0161e ali pisarne na dani lokaciji.\u00a0<a href=\"http:\/\/178.238.236.39\/trgnepremicnin\/sl\/nvaluta\/izracun\">Ve\u010d&#8230;<\/a><\/p>\n<p><strong>&#8220;Nastavitve&#8221;<\/strong><\/p>\n<p>Nastavitev polmera iskanja poslov, izpisa \u017eeljenega \u0161tevila zadetkov v seznamu poslov, mo\u017enost nastavitve velikosti \u010drk in barvne sheme.<\/p>\n<p>&nbsp;<\/p>\n<p>Navodila za posamezni operacijski sistem si lahko prenesete na spodnjih povezavah:<\/p>\n<ul>\n<li><a class=\"pdf\" href=\"http:\/\/178.238.236.39\/trgnepremicnin\/media\/nValuTa\/pomoc_ios.pdf\" target=\"_blank\" rel=\"noopener\">navodila za Apple iOS 5+<\/a><\/li>\n<li><a class=\"pdf\" href=\"http:\/\/178.238.236.39\/trgnepremicnin\/media\/nValuTa\/pomoc_android.pdf\" target=\"_blank\" rel=\"noopener\">navodila za Google Android ICS 4+<\/a><\/li>\n<\/ul>\n<p>[\/vc_column_text][\/vc_column][\/vc_row]<\/p>\n<\/div>","protected":false},"excerpt":{"rendered":"<p>[vc_row][vc_column][vc_row_inner][vc_column_inner][\/vc_column_inner][\/vc_row_inner][\/vc_column][\/vc_row][vc_row tm_bgcolor=&#8221;grey&#8221; tm_bgimagefixed=&#8221;&#8221; full_width=&#8221;stretch_row&#8221; css=&#8221;.vc_custom_1667550431068{padding-top: 40px !important;padding-bottom: 40px !important;}&#8221;][vc_column width=&#8221;1\/4&#8243;][\/vc_column][vc_column width=&#8221;3\/4&#8243;][vc_column_text]Po uspe\u0161nem prenosu aplikacije iz spletne trgovine se bo na va\u0161i napravi pojavila ikona za zagon aplikacije (slika 1). Ko se aplikacija nalo\u017ei, se na zaslonu pojavi kartografska podlaga (slika 2), na kateri so ozna\u010dene lokacije nepremi\u010dnin, ki so bile v zadnjih letih predmet prometa. &hellip; <a href=\"https:\/\/trgnepremicnin.si\/sl\/pomoc-za-aplikacijo-nvaluta\/\" class=\"more-link\">Continue reading <span class=\"screen-reader-text\">Pomo\u010d za aplikacijo nValuTa<\/span><\/a><\/p>\n","protected":false},"author":1,"featured_media":0,"parent":0,"menu_order":0,"comment_status":"closed","ping_status":"closed","template":"","meta":{"footnotes":"","_links_to":"","_links_to_target":""},"class_list":["post-2410","page","type-page","status-publish","hentry"],"_links":{"self":[{"href":"https:\/\/trgnepremicnin.si\/sl\/wp-json\/wp\/v2\/pages\/2410","targetHints":{"allow":["GET"]}}],"collection":[{"href":"https:\/\/trgnepremicnin.si\/sl\/wp-json\/wp\/v2\/pages"}],"about":[{"href":"https:\/\/trgnepremicnin.si\/sl\/wp-json\/wp\/v2\/types\/page"}],"author":[{"embeddable":true,"href":"https:\/\/trgnepremicnin.si\/sl\/wp-json\/wp\/v2\/users\/1"}],"replies":[{"embeddable":true,"href":"https:\/\/trgnepremicnin.si\/sl\/wp-json\/wp\/v2\/comments?post=2410"}],"version-history":[{"count":19,"href":"https:\/\/trgnepremicnin.si\/sl\/wp-json\/wp\/v2\/pages\/2410\/revisions"}],"predecessor-version":[{"id":2978,"href":"https:\/\/trgnepremicnin.si\/sl\/wp-json\/wp\/v2\/pages\/2410\/revisions\/2978"}],"wp:attachment":[{"href":"https:\/\/trgnepremicnin.si\/sl\/wp-json\/wp\/v2\/media?parent=2410"}],"curies":[{"name":"wp","href":"https:\/\/api.w.org\/{rel}","templated":true}]}}