{"id":2497,"date":"2021-05-28T10:10:24","date_gmt":"2021-05-28T08:10:24","guid":{"rendered":"https:\/\/trg-nepremicnin.webis.technology\/?page_id=2497"},"modified":"2021-05-28T10:10:24","modified_gmt":"2021-05-28T08:10:24","slug":"splosni-pogoji-poslovanja","status":"publish","type":"page","link":"https:\/\/trgnepremicnin.si\/sl\/splosni-pogoji-poslovanja\/","title":{"rendered":"Splo\u0161ni pogoji poslovanja"},"content":{"rendered":"<p><strong>Obve\u0161\u010danje in komunikacija s strankami\/naro\u010dniki<\/strong><\/p>\n<p>&nbsp;<\/p>\n<p>Podjetje bo s stranko\/naro\u010dnikom navezalo stik preko dolo\u010denega medija komunikacije, v kolikor bo slednja\/slednji v to privolil. Stranka\/naro\u010dnik z izpolnitvijo obrazca privoli na prejemanje oglasnih elektronskih sporo\u010dil, poda se dovoljenje za obdelovanje naslednjih podatkov:<\/p>\n<p>&#8211; ime in priimek<\/p>\n<p>&#8211; e-po\u0161tni naslov<\/p>\n<p>&#8211; telefonska \u0161tevilka<\/p>\n<p>&#8211; po\u0161tni naslov<\/p>\n<p>&#8211; ime podjetja,<\/p>\n<p>&#8211; naslov va\u0161e spletne strani,<\/p>\n<p>&#8211; IP naslov<\/p>\n<p>&nbsp;<\/p>\n<p><strong>Oglasna elektronska sporo\u010dila bodo vsebovala naslednje sestavine:<\/strong><\/p>\n<p>-Jasno in nedvoumno bodo ozna\u010dena kot oglasna sporo\u010dila,<\/p>\n<p>-Po\u0161iljatelj bo jasno razviden,<\/p>\n<p>-Razli\u010dne akcije, promocije in druge tr\u017ene tehnike bodo ozna\u010dene kot tak\u0161ne.<\/p>\n<p>-Vidno predstavljen bo na\u010din odjave od prejemanja oglasnih sporo\u010dil,<\/p>\n<p>-\u017deljo uporabnika, da ne \u017eeli prejemati oglasnih sporo\u010dil, bo ponudnik izrecno spo\u0161toval.<\/p>\n<p>&nbsp;<\/p>\n<p><strong>Uporabnik lahko ob prijavi na prejemanje oglasnih elektronskih sporo\u010dil odobri uporabo njegovih osebnih podatkov v naslednje namene:<\/strong><\/p>\n<p>&nbsp;<\/p>\n<p><strong>[1] (OPCIJSKO) Privolitev za sledenje aktivnostim in interesom na spletni strani <\/strong><a href=\"https:\/\/www.trgnepremicnin.si\"><strong>https:\/\/www.trgnepremicnin.si<\/strong><\/a><strong> in pripadajo\u010dih pod-domenah:<\/strong><\/p>\n<ul>\n<li>Iznos, hramba in obdelava podatkov v orodju za marketin\u0161ko avtomatizacijo, ki nam pomaga kontinuirano spremljati va\u0161e aktivnosti na vseh pod domenah spletne strani <a href=\"https:\/\/www.trgnepremicnin.si\"><strong>https:\/\/www.trgnepremicnin.si<\/strong><\/a>, nam omogo\u010dajo izvajanje naro\u010denih storitev, kontaktiranje, povezano z va\u0161imi aktivnostmi na spletni strani ter agregirane in anonimizirane analize uporabe spletne strani in njenih vsebin.<\/li>\n<li>Vsi osebni podatki se uporabljajo izklju\u010dno za namene izvajanja na\u0161ih storitev, anonimizirane analize ter optimizacijo na\u0161ega poslovanja in niso dostopni javnosti, razen v primeru, ko nam uporabnik to izrecno dovoljuje s posebno privolitvijo za tak\u0161ne namene<\/li>\n<\/ul>\n<p>&nbsp;<\/p>\n<p>&nbsp;<\/p>\n<p><strong>[2] (OBVEZNO) Privolitev za prejemanje novic o Geodetski In\u0161titut Slovenije. ponudbi in ostalih novostih velja do preklica in obsega:<\/strong><\/p>\n<ul>\n<li>uporabo podatkov za po\u0161iljanje rednih e-novic o na\u0161i ponudbi ter novostih.<\/li>\n<li>uporabo podatkov za ob\u010dasno po\u0161iljanje ostalih vsebin<\/li>\n<li>iznos, hrambo in obdelavo podatkov v orodju za marketin\u0161ko avtomatizacijo, ki nam omogo\u010da po\u0161iljanje teh novi\u010dk<\/li>\n<li>obdelavo podatkov s psevdonimizacijo (tako, da jih ni mogo\u010de pripisati specifi\u010dnemu posamezniku)<\/li>\n<\/ul>\n<p>&nbsp;<\/p>\n<p><strong>[3] (OPCIJSKO) Privolitev za prejemanje personaliziranih obvestil in ponudb velja do preklica in obsega:<\/strong><\/p>\n<ul>\n<li>uporabo podatkov za neposredno tr\u017eenje<\/li>\n<li>ponovno ciljanje na platformah z namenom ponovne predstavitve izdelkov \/ ponudbe<\/li>\n<li>iznos in obdelavo podatkov v orodjih za digitalno ogla\u0161evanje (uporaba e-po\u0161te za pripravo anonimiziranih segmentov uporabnikov, v tem primeru e-po\u0161te ni mogo\u010de pripisati specifi\u010dnemu posamezniku)<\/li>\n<li>obdelavo podatkov s psevdonimizacijo (tako, da jih ni mogo\u010de pripisati specifi\u010dnemu posamezniku)<\/li>\n<\/ul>\n<p>&nbsp;<\/p>\n<p>&nbsp;<\/p>\n<p>&nbsp;<\/p>\n<p>&nbsp;<\/p>\n","protected":false},"excerpt":{"rendered":"<p>Obve\u0161\u010danje in komunikacija s strankami\/naro\u010dniki &nbsp; Podjetje bo s stranko\/naro\u010dnikom navezalo stik preko dolo\u010denega medija komunikacije, v kolikor bo slednja\/slednji v to privolil. Stranka\/naro\u010dnik z izpolnitvijo obrazca privoli na prejemanje oglasnih elektronskih sporo\u010dil, poda se dovoljenje za obdelovanje naslednjih podatkov: &#8211; ime in priimek &#8211; e-po\u0161tni naslov &#8211; telefonska \u0161tevilka &#8211; po\u0161tni naslov &#8211; ime &hellip; <a href=\"https:\/\/trgnepremicnin.si\/sl\/splosni-pogoji-poslovanja\/\" class=\"more-link\">Continue reading <span class=\"screen-reader-text\">Splo\u0161ni pogoji poslovanja<\/span><\/a><\/p>\n","protected":false},"author":1,"featured_media":0,"parent":0,"menu_order":0,"comment_status":"closed","ping_status":"closed","template":"","meta":{"footnotes":"","_links_to":"","_links_to_target":""},"class_list":["post-2497","page","type-page","status-publish","hentry"],"_links":{"self":[{"href":"https:\/\/trgnepremicnin.si\/sl\/wp-json\/wp\/v2\/pages\/2497","targetHints":{"allow":["GET"]}}],"collection":[{"href":"https:\/\/trgnepremicnin.si\/sl\/wp-json\/wp\/v2\/pages"}],"about":[{"href":"https:\/\/trgnepremicnin.si\/sl\/wp-json\/wp\/v2\/types\/page"}],"author":[{"embeddable":true,"href":"https:\/\/trgnepremicnin.si\/sl\/wp-json\/wp\/v2\/users\/1"}],"replies":[{"embeddable":true,"href":"https:\/\/trgnepremicnin.si\/sl\/wp-json\/wp\/v2\/comments?post=2497"}],"version-history":[{"count":1,"href":"https:\/\/trgnepremicnin.si\/sl\/wp-json\/wp\/v2\/pages\/2497\/revisions"}],"predecessor-version":[{"id":2498,"href":"https:\/\/trgnepremicnin.si\/sl\/wp-json\/wp\/v2\/pages\/2497\/revisions\/2498"}],"wp:attachment":[{"href":"https:\/\/trgnepremicnin.si\/sl\/wp-json\/wp\/v2\/media?parent=2497"}],"curies":[{"name":"wp","href":"https:\/\/api.w.org\/{rel}","templated":true}]}}