{"id":46,"date":"2020-09-15T10:51:29","date_gmt":"2020-09-15T10:51:29","guid":{"rendered":"http:\/\/localhost\/axacus\/?page_id=45"},"modified":"2022-11-04T09:11:13","modified_gmt":"2022-11-04T08:11:13","slug":"home-1","status":"publish","type":"page","link":"https:\/\/trgnepremicnin.si\/sl\/","title":{"rendered":"Domov"},"content":{"rendered":"<div class=\"wpb-content-wrapper\"><p>[vc_row tm_bgimagefixed=&#8221;&#8221; tm_responsive_css=&#8221;76664450|colbreak_no|||||||||colbreak_no|||||45px||25px||colbreak_no||||||||||colbreak_no|||||||||&#8221;][vc_column css=&#8221;.vc_custom_1608887436287{padding-bottom: 7px !important;}&#8221;]<div class=\"tm-element-heading-wrapper tm-heading-inner tm-element-align-center tm-seperator-none tm-heading-style-vertical \"><section class=\"tm-vc_cta3-container\"><div class=\"tm-vc_general tm-vc_cta3 tm-cta3-only tm-vc_cta3-style-classic tm-vc_cta3-shape-rounded tm-vc_cta3-align-center tm-vc_cta3-color-transparent tm-vc_cta3-icon-size-md tm-vc_cta3-actions-no tm-cta3-without-desc\"><div class=\"tm-vc_cta3_content-container\"><div class=\"tm-vc_cta3-content\"><header class=\"tm-vc_cta3-content-header tm-wrap\"><div class=\"tm-vc_cta3-headers tm-wrap-cell\"><h4 class=\"tm-custom-heading \" >BODITE NA TEKO\u010cEM<\/h4>\n<h2 class=\"tm-custom-heading \" >Zadnje objave na portalu<\/h2>\n<\/div><div class=\"heading-seperator\"><span><\/span><\/div><\/header><\/div><\/div><\/div><\/section><\/div> <!-- .tm-element-heading-wrapper container --> [vc_column_text]\t\r\n\t\t<div class=\"pld-post-list pld-design-1 pld-clearfix\">\r\n\t\t\t\r\n\t\t\t<div class=\"pld-post-list-inr\">\t\r\n\t<div class=\"pld-post-list-content pld-clearfix no-thumb-image\">\r\n\t\t\t\t<div class=\" pld-full-columns pld-medium-12 pld-columns\">\r\n\t\t\t\t\t\t<h2 class=\"pld-post-title\">\t\t\r\n\t\t\t\t<a href=\"https:\/\/www.e-prostor.gov.si\/fileadmin\/Podrocja\/Trg_vrednosti_nep\/Trg_nepremicnin\/Porocila_o_trgu_nepremicnin\/2024\/Porocilo_o_trgu_poslovnih_nepremicnin_za_leto_2024.pdf\">Poro\u010dilo o slovenskem trgu poslovnih nepremi\u010dnin za leto 2024<\/a>\r\n\t\t\t<\/h2>\r\n\t\t\t\t\t\t\t<div class=\"pld-post-meta\">\r\n\t\t\t\t\t\t\t\t\t\t\t<span>\r\n\t\t\t\t\t\t\tBy Geodetski in\u0161titut Slovenije\t\t\t\t\t\t<\/span>\r\n\t\t\t\t\t&nbsp;\/&nbsp;9. maja, 2025\t\t\t\t<\/div>\r\n\t\t\t\t\t\t\t\t\r\n\t\t\t\t<div class=\"pld-post-tags\">\t\t\t\r\n\t\t\t\t\tTags: <a href=\"https:\/\/trgnepremicnin.si\/sl\/oznaka\/2024\/\" rel=\"tag\">2024<\/a>\t\t\t\t<\/div>\r\n\t\t\t\t\t<\/div>\r\n\t<\/div>\r\n<\/div><div class=\"pld-post-list-inr\">\t\r\n\t<div class=\"pld-post-list-content pld-clearfix no-thumb-image\">\r\n\t\t\t\t<div class=\" pld-full-columns pld-medium-12 pld-columns\">\r\n\t\t\t\t\t\t<h2 class=\"pld-post-title\">\t\t\r\n\t\t\t\t<a href=\"https:\/\/www.e-prostor.gov.si\/fileadmin\/Podrocja\/Trg_vrednosti_nep\/Trg_nepremicnin\/Porocila_o_trgu_nepremicnin\/2024\/Letno_porocilo_za_leto_2024.pdf\">Letno poro\u010dilo<\/a>\r\n\t\t\t<\/h2>\r\n\t\t\t\t\t\t\t<div class=\"pld-post-meta\">\r\n\t\t\t\t\t\t\t\t\t\t\t<span>\r\n\t\t\t\t\t\t\tBy Geodetski in\u0161titut Slovenije\t\t\t\t\t\t<\/span>\r\n\t\t\t\t\t&nbsp;\/&nbsp;2. aprila, 2025\t\t\t\t<\/div>\r\n\t\t\t\t\t\t\t\t\r\n\t\t\t\t<div class=\"pld-post-tags\">\t\t\t\r\n\t\t\t\t\tTags: <a href=\"https:\/\/trgnepremicnin.si\/sl\/oznaka\/2024\/\" rel=\"tag\">2024<\/a>\t\t\t\t<\/div>\r\n\t\t\t\t\t<\/div>\r\n\t<\/div>\r\n<\/div>\r\n\t\t\t\t\t<div class=\"pld-pagination pld-clearfix\">\r\n\r\n\t\t\t\t<span aria-current=\"page\" class=\"page-numbers current\">1<\/span>\n<a class=\"page-numbers\" href=\"https:\/\/trgnepremicnin.si\/sl\/wp-json\/wp\/v2\/pages\/46\/page\/2\/\">2<\/a>\n<a class=\"page-numbers\" href=\"https:\/\/trgnepremicnin.si\/sl\/wp-json\/wp\/v2\/pages\/46\/page\/3\/\">3<\/a>\n<span class=\"page-numbers dots\">&hellip;<\/span>\n<a class=\"page-numbers\" href=\"https:\/\/trgnepremicnin.si\/sl\/wp-json\/wp\/v2\/pages\/46\/page\/28\/\">28<\/a>\n<a class=\"next page-numbers\" href=\"https:\/\/trgnepremicnin.si\/sl\/wp-json\/wp\/v2\/pages\/46\/page\/2\/\">Next &raquo;<\/a>\t\t\t<\/div>\r\n\t\t\t<\/div>\r\n\t[\/vc_column_text][\/vc_column][\/vc_row][vc_row tm_bgimagefixed=&#8221;&#8221; full_width=&#8221;stretch_row&#8221; css=&#8221;.vc_custom_1617267377212{padding-top: 96px !important;padding-bottom: 66px !important;background-image: url(https:\/\/www.trgnepremicnin.si\/wp-content\/uploads\/2021\/04\/vrsta_statisticni_podatki.png?id=2252) !important;background-position: center !important;background-repeat: no-repeat !important;background-size: cover !important;}&#8221; tm_responsive_css=&#8221;65902203|colbreak_no|||||||||colbreak_no|||||50px||10px||colbreak_no||||||||||colbreak_no|||||||||&#8221;][vc_column tm_textcolor=&#8221;white&#8221; width=&#8221;5\/6&#8243;]<h2 style=\"text-align:left;font-size:16px;line-height:22px;font-family:'ABeeZee',Arial,Helvetica;font-weight:400;\" class=\"tm-custom-heading \" >ZA DOBER POSEL POTREBUJETE KVALITETNE PODATKE<\/h2>\n<h2 style=\"text-align:left;font-size:40px;line-height:61px;\" class=\"tm-custom-heading tm-reset-text-font-768 \" >Z uporabo aplikacije Trgoskop so vam<br \/>\nna voljo vse informacije, ki jih potrebujete.<\/h2>\n[vc_row_inner el_class=&#8221;tm-column-inline&#8221; css=&#8221;.vc_custom_1612183516190{padding-top: 0px !important;}&#8221;][vc_column_inner width=&#8221;1\/3&#8243; css=&#8221;.vc_custom_1602049609942{padding-right: 0px !important;padding-left: 17px !important;}&#8221;]<div class=\"tm-vc_icon_element tm-vc_icon_element-outer tm-vc_icon_element-align-left  tm-vc_icon_element-have-style  wpb_animate_when_almost_visible wpb_none none tm_prettyphoto\"><div class=\"tm-vc_icon_element-inner  tm-vc_icon_element-have-style-inner tm-vc_icon_element-color-white tm-vc_icon_element-size-md tm-vc_icon_element-style-rounded-outline tm-vc_icon_element-outline tm-vc_icon_element-background-color-white\" ><span class=\"tm-vc_icon_element-icon themifyicon ti-stats-up\" ><\/span><a class=\"tm-vc_icon_element-link\" href=\"https:\/\/www.trgnepremicnin.si\/sl\/predstavitev-aplikacije-trgoskop\/\" title=\"Predstavitev aplikacije Trgoskop\" target=\"_self\"><\/a><\/div><\/div>[\/vc_column_inner][vc_column_inner width=&#8221;1\/3&#8243; css=&#8221;.vc_custom_1602049459816{padding-top: 19px !important;}&#8221;]<h2 style=\"text-align:left;font-size:14px;line-height:15px;font-family:'ABeeZee',Arial,Helvetica;font-weight:400;\" class=\"tm-custom-heading \" ><a href=\"https:\/\/www.trgnepremicnin.si\/sl\/predstavitev-aplikacije-trgoskop\/\" title=\"Predstavitev aplikacije Trgoskop\">PREDSTAVITEV APLIKACIJE<\/a><\/h2>\n[\/vc_column_inner][vc_column_inner width=&#8221;1\/3&#8243; css=&#8221;.vc_custom_1600691556491{padding-right: 8px !important;}&#8221;][\/vc_column_inner][\/vc_row_inner][\/vc_column][vc_column width=&#8221;1\/6&#8243;][\/vc_column][\/vc_row][vc_row tm_bgcolor=&#8221;white&#8221; tm_bgimagefixed=&#8221;&#8221; tm_zindex=&#8221;2&#8243; full_width=&#8221;stretch_row&#8221; tm_responsive_css=&#8221;68558052|colbreak_no|||||100px||||colbreak_no|0px||||45px||0px||colbreak_no||||||||||colbreak_no|||||||||&#8221; css=&#8221;.vc_custom_1667549340041{padding-top: 80px !important;}&#8221;][vc_column][vc_row_inner css=&#8221;.vc_custom_1667549173834{padding-bottom: 15px !important;}&#8221;][vc_column_inner]<div class=\"tm-element-heading-wrapper tm-heading-inner tm-element-align-center tm-seperator-none tm-heading-style-vertical \"><section class=\"tm-vc_cta3-container\"><div class=\"tm-vc_general tm-vc_cta3 tm-cta3-only tm-vc_cta3-style-classic tm-vc_cta3-shape-rounded tm-vc_cta3-align-center tm-vc_cta3-color-transparent tm-vc_cta3-icon-size-md tm-vc_cta3-actions-no tm-cta3-with-desc\"><div class=\"tm-vc_cta3_content-container\"><div class=\"tm-vc_cta3-content\"><header class=\"tm-vc_cta3-content-header tm-wrap\"><div class=\"tm-vc_cta3-headers tm-wrap-cell\"><h4 class=\"tm-custom-heading \" >NA\u0160E STORITVE<\/h4>\n<h2 class=\"tm-custom-heading \" >Za vas spremljamo dogajanje na trgu<\/h2>\n<\/div><div class=\"heading-seperator\"><span><\/span><\/div><\/header><div class=\"tm-cta3-content-wrapper\"><p>Ekipa Trga nepremi\u010dnin redno spremlja dogajanje na slovenskem in tujem nepremi\u010dninskem trgu. Potrebujete tudi vi ciljno usmerjeno raziskavo ali analizo?<\/p><\/div><\/div><\/div><\/div><\/section><\/div> <!-- .tm-element-heading-wrapper container --> [\/vc_column_inner][\/vc_row_inner][vc_tta_tabs color=&#8221;white&#8221; spacing=&#8221;&#8221; gap=&#8221;35&#8243; alignment=&#8221;center&#8221; active_section=&#8221;3&#8243; el_class=&#8221;tm-fluid-menu&#8221;][vc_tta_section i_icon_tm_axacus=&#8221;kw_axacus flaticon-website&#8221; add_icon=&#8221;true&#8221; i_icon_tm_anomica=&#8221;kw_anomica flaticon-report&#8221; i_icon_tm_zippco=&#8221;kw_zippco flaticon-report&#8221; title=&#8221;Raziskave in analize nepremi\u010dninskega trga&#8221; tab_id=&#8221;1555647757208-ff812991-3c84&#8243;][vc_row_inner break_in_responsive=&#8221;991&#8243; tm_shadow=&#8221;yes&#8221; css=&#8221;.vc_custom_1613197488942{margin-right: 5px !important;margin-left: 5px !important;padding-top: 35px !important;padding-right: 35px !important;padding-bottom: 10px !important;padding-left: 35px !important;}&#8221; tm_responsive_css=&#8221;72435975|colbreak_no|||||||||colbreak_no|||||||45px||colbreak_no|||||7px|10px|15px|0px||colbreak_no|||||||||&#8221;][vc_column_inner width=&#8221;1\/2&#8243; css=&#8221;.vc_custom_1608981345243{padding-left: 20px !important;}&#8221; tm_responsive_css=&#8221;83314278|colbreak_no|||||||||colbreak_no|||||0px|5px||15px|colbreak_no|||||10px|||||colbreak_no|||||||||&#8221;]<div class=\"tm-single-image-wrapper imagestyle-one wpb_single_image vc_align_left \"><div class=\"tm-single-image-inner\"><img decoding=\"async\" src=\"https:\/\/www.trgnepremicnin.si\/wp-content\/uploads\/2021\/04\/graf_200.jpg\" class=\"tm-single-image-img\" alt=\"\" \/><\/div><\/div>[\/vc_column_inner][vc_column_inner width=&#8221;1\/2&#8243; css=&#8221;.vc_custom_1573209739479{padding-top: 12px !important;padding-right: 20px !important;}&#8221;][vc_column_text]Ekipa Trga nepremi\u010dnin redno spremlja dogajanje na slovenskem nepremi\u010dninskem trgu. \u010ce vas zanima ciljno usmerjena raziskava sklenjeniih poslov ali ponudbe nepremi\u010dnin, nam pi\u0161ite na\u00a0<a href=\"mailto:info@trgnepremicnn.si\">info@trgnepremicnin.si<\/a>.[\/vc_column_text][\/vc_column_inner][\/vc_row_inner][\/vc_tta_section][vc_tta_section i_icon_tm_axacus=&#8221;kw_axacus flaticon-opportunity&#8221; add_icon=&#8221;true&#8221; i_icon_tm_anomica=&#8221;kw_anomica flaticon-computer&#8221; i_icon_tm_zippco=&#8221;kw_zippco flaticon-computer&#8221; title=&#8221;Analiza privla\u010dnosti prostora za bivanje&#8221; tab_id=&#8221;1567688396650-e804da16-4cc9&#8243;][vc_row_inner break_in_responsive=&#8221;991&#8243; tm_shadow=&#8221;yes&#8221; css=&#8221;.vc_custom_1613197499389{margin-right: 2px !important;margin-left: 2px !important;padding-top: 35px !important;padding-right: 35px !important;padding-bottom: 28px !important;padding-left: 35px !important;}&#8221; tm_responsive_css=&#8221;38424464|colbreak_no|||||||||colbreak_no|||||||||colbreak_no|||||7px|10px|15px|0px||colbreak_no|||||||||&#8221;][vc_column_inner width=&#8221;1\/2&#8243; tm_responsive_css=&#8221;83314278|colbreak_no|||||||||colbreak_no|||||0px|5px||15px|colbreak_no|||||10px|||||colbreak_no|||||||||&#8221;]<div class=\"tm-single-image-wrapper imagestyle-one wpb_single_image vc_align_left \"><div class=\"tm-single-image-inner\"><img decoding=\"async\" src=\"https:\/\/www.trgnepremicnin.si\/wp-content\/uploads\/2021\/04\/2014-12-19-11_56_41-contacts-_-attract-see.jpg\" class=\"tm-single-image-img\" alt=\"\" \/><\/div><\/div>[\/vc_column_inner][vc_column_inner width=&#8221;1\/2&#8243; css=&#8221;.vc_custom_1613194239161{padding-top: 12px !important;padding-left: 30px !important;}&#8221; tm_responsive_css=&#8221;70912066|colbreak_no|||||||||colbreak_no|||||20px|||15px|colbreak_no||||||||||colbreak_no|||||||||&#8221;][vc_column_text]Razvili smo sistem kazalnikov za oceno\u00a0kakovosti stan. okolja.<\/p>\n<p>Izdelujemo analize privla\u010dnosti prostora za:<\/p>\n<ul>\n<li>investicije,<\/li>\n<li>prebivalce,<\/li>\n<li>turizem idr.<\/li>\n<\/ul>\n<p>[\/vc_column_text][\/vc_column_inner][\/vc_row_inner][\/vc_tta_section][vc_tta_section i_icon_tm_axacus=&#8221;kw_axacus flaticon-bussiness-man-1&#8243; add_icon=&#8221;true&#8221; i_icon_tm_anomica=&#8221;kw_anomica flaticon-system&#8221; i_icon_tm_zippco=&#8221;kw_zippco flaticon-system&#8221; title=&#8221;Interaktivni prikaz infrastrukture&#8221; tab_id=&#8221;1567743742633-6ef09aa9-fe3b&#8221;][vc_row_inner break_in_responsive=&#8221;991&#8243; tm_shadow=&#8221;yes&#8221; css=&#8221;.vc_custom_1613197511605{margin-right: 2px !important;margin-left: 2px !important;padding-top: 35px !important;padding-right: 35px !important;padding-bottom: 35px !important;padding-left: 35px !important;}&#8221; tm_responsive_css=&#8221;55856233|colbreak_no|||||||||colbreak_no|||||||||colbreak_no|||||7px|10px|15px|0px||colbreak_no|||||||||&#8221;][vc_column_inner width=&#8221;1\/2&#8243; tm_responsive_css=&#8221;66619490|colbreak_no|||||||||colbreak_no|||||||||colbreak_no|||||10px|||||colbreak_no|||||||||&#8221;]<div class=\"tm-single-image-wrapper imagestyle-one wpb_single_image vc_align_left \"><div class=\"tm-single-image-inner\"><img decoding=\"async\" src=\"https:\/\/www.trgnepremicnin.si\/wp-content\/uploads\/2021\/04\/brdo_interaktivna_karta.jpg\" class=\"tm-single-image-img\" alt=\"\" \/><\/div><\/div>[\/vc_column_inner][vc_column_inner width=&#8221;1\/2&#8243; css=&#8221;.vc_custom_1613194252072{padding-top: 12px !important;padding-left: 30px !important;}&#8221; tm_responsive_css=&#8221;56202434|colbreak_no|||||||||colbreak_no|||||20px|||15px|colbreak_no||||||||||colbreak_no|||||||||&#8221;][vc_column_text]Na interaktivni karti prika\u017eemo lokacije pomembne infrastrukture:<\/p>\n<ul>\n<li>javni promet,<\/li>\n<li>\u0161ole in vrtci,<\/li>\n<li>trgovine,<\/li>\n<li>zdravstvene ustanove,<strong>\u00a0<\/strong><\/li>\n<li>\u0161port in rekreacija idr.<\/li>\n<\/ul>\n<p>[\/vc_column_text][\/vc_column_inner][\/vc_row_inner][\/vc_tta_section][\/vc_tta_tabs][\/vc_column][\/vc_row][vc_row tm_bgimagefixed=&#8221;&#8221; full_width=&#8221;stretch_row&#8221; gap=&#8221;10&#8243; css=&#8221;.vc_custom_1667549440431{padding-top: 86px !important;background-image: url(https:\/\/themetechmount.com\/wordpress\/axacus\/datasite\/wp-content\/uploads\/sites\/4\/2021\/02\/tmrowbg111.jpg?id=1480) !important;background-position: 0 0 !important;background-repeat: no-repeat !important;}&#8221; tm_responsive_css=&#8221;77563823|colbreak_no||||||15px|||colbreak_no|||||45px||0px||colbreak_no||||||||||colbreak_no|||||||||&#8221;][vc_column css=&#8221;.vc_custom_1667549469529{padding-bottom: 10px !important;}&#8221;]<div class=\"themetechmount-boxes themetechmount-boxes-testimonial themetechmount-boxes-view-carousel themetechmount-boxes-col-two themetechmount-boxes-sortable-no themetechmount-boxes-textalign-center tm-cta3-rev-heading tm-boxes-carousel-arrow-round tm-boxes-carousel-arrows-hide\" data-tm-speed=\"1500\" data-tm-autoplay=\"0\" data-tm-autoplayspeed=\"4500\" data-tm-loop=\"1\" data-tm-dots=\"0\" data-tm-nav=\"hide\" data-tm-centermode=\"0\" data-tm-arrowtype=\"round\" data-tm-pauseonfocus=\"1\" data-tm-pauseonhover=\"1\" data-tm-slidestoscroll=\"column\" data-tm-effecttype=\"slide\">\n\t\t<div class=\"themetechmount-boxes-inner themetechmount-boxes-testimonial-inner \"><div class=\"themetechmount-box-heading-wrapper tm-element-align-center\"><div class=\"tm-element-heading-wrapper tm-heading-inner tm-element-align-center tm-seperator-none tm-heading-style-vertical \"><section class=\"tm-vc_cta3-container\"><div class=\"tm-vc_general tm-vc_cta3 tm-cta3-only tm-vc_cta3-style-classic tm-vc_cta3-shape-rounded tm-vc_cta3-align-center tm-vc_cta3-color-transparent tm-vc_cta3-icon-size-md tm-vc_cta3-actions-no tm-cta3-with-desc\"><div class=\"tm-vc_cta3_content-container\"><div class=\"tm-vc_cta3-content\"><header class=\"tm-vc_cta3-content-header tm-wrap\"><div class=\"tm-vc_cta3-headers tm-wrap-cell\"><h4 class=\"tm-custom-heading \" >MNENJA OB ZA\u010cETKU DELOVANJA<\/h4>\n<h2 class=\"tm-custom-heading \" >Trgoskop od 2011<\/h2>\n<\/div><div class=\"heading-seperator\"><span><\/span><\/div><\/header><div class=\"tm-cta3-content-wrapper\"><p>Trgoskop uporablja podatke Geodetske uprave Republike Slovenije. Podatke o kupoprodajnih poslih je Geodetska uprava Republike Slovenije pri\u010dela zbirati v letu 2005. Portal Trg nepremi\u010dnin in Trgoskop sta bila 2011 prva re\u0161itev za pregledovanje podatkov o nepremi\u010dninskih poslih.<\/p><\/div><\/div><\/div><\/div><\/section><\/div> <!-- .tm-element-heading-wrapper container --> <\/div> <!-- .tm-element-heading-wrapper container --> \n\t\t\t\t\n\t\t\t\t<div class=\"row multi-columns-row themetechmount-boxes-row-wrapper\">\n\t\t\t\t\t<div class=\"tm-box-col-wrapper col-lg-6 col-sm-6 col-md-6 col-xs-12 \"><article class=\"themetechmount-box themetechmount-box-testimonial themetechmount-testimonial-box-style2\">\n\t<div class=\"themetechmount-post-item\">\n\t\t<div class=\"themetechmount-box-content\">\n\t\t    <div class=\"themetechmount-box-desc\">\n\t\t\t <div class=\"themetechmount-ratting-star\"> <i class=\"tm-axacus-icon-star-1 tm-active\"><\/i>  <i class=\"tm-axacus-icon-star-1 tm-active\"><\/i>  <i class=\"tm-axacus-icon-star-1 tm-active\"><\/i>  <i class=\"tm-axacus-icon-star-1 tm-active\"><\/i>  <i class=\"tm-axacus-icon-star-1 tm-active\"><\/i> <\/div>\t\n\t\t\t\t<blockquote class=\"themetechmount-testimonial-text\">\"Veseli nas odlo\u010ditev Geodetskega in\u0161tituta Slovenije o razvoju portala\u00a0Trg nepremi\u010dnin, s katerim bo posku\u0161al zadostiti ve\u010dji del strokovnih potreb in \u017eelja strokovnjakov z nepremi\u010dninskega podro\u010dja. Podatki, informacije, analize, \u010dlanki, trendi in drugi strokovni elementi na podro\u010dju nepremi\u010dnin so prakti\u010dno nepogre\u0161ljivi na vseh podro\u010djih nepremi\u010dninskega odlo\u010danja, zato je pomembno, da se portal v prihodnje nadgrajuje in izpopolnjuje. Glede na to, da je Geodetski in\u0161titut Slovenije javni zavod, ki prav tako sledi ciljem javnega interesa, bo Geodetska uprava RS pri razvoju portala strokovno sodelovala z Geodetskim in\u0161titutom Slovenije.\"\r\n\r\n\"Dobro jutro portal\u00a0Trg nepremi\u010dnin!\"<\/blockquote>\n\t\t\t<\/div>\n\t\t\t <div class=\"clearfix\"><\/div>\n\t\t<\/div>\n\t\t<div class=\"themetechmount-box-author\">\t\n\t\t  \t\t\t\t<div class=\"themetechmount-box-img\"><span class=\"themetechmount-icon-box\"><i class=\"demo-icon tm-axacus-icon-quote-left\"><\/i><\/span><\/div>\n\t\t\t\t<div class=\"themetechmount-box-title\"><h3 class=\"themetechmount-author-name\">Mag. Du\u0161an Mitrovi\u0107<\/h3><span class=\"themetechmount-box-footer\">direktor Urada za mno\u017ei\u010dno vrednotenje nepremi\u010dnin na Geodetski upravi RS<\/span><\/div>\t\n\t\t<\/div>\t\t\t\t\t\n\t<\/div>\n<\/article><\/div><div class=\"tm-box-col-wrapper col-lg-6 col-sm-6 col-md-6 col-xs-12 \"><article class=\"themetechmount-box themetechmount-box-testimonial themetechmount-testimonial-box-style2\">\n\t<div class=\"themetechmount-post-item\">\n\t\t<div class=\"themetechmount-box-content\">\n\t\t    <div class=\"themetechmount-box-desc\">\n\t\t\t <div class=\"themetechmount-ratting-star\"> <i class=\"tm-axacus-icon-star-1 tm-active\"><\/i>  <i class=\"tm-axacus-icon-star-1 tm-active\"><\/i>  <i class=\"tm-axacus-icon-star-1 tm-active\"><\/i>  <i class=\"tm-axacus-icon-star-1 tm-active\"><\/i>  <i class=\"tm-axacus-icon-star-1 tm-active\"><\/i> <\/div>\t\n\t\t\t\t<blockquote class=\"themetechmount-testimonial-text\">\"Trgoskop brez dvoma zagotavlja najbolj\u0161i pregled podatkov o sklenjenih kupoprodajnih poslih z nepremi\u010dninami na slovenskem trgu. Priporo\u010dam ga vsem, ki so kakorkoli poklicno povezani z nepremi\u010dninami. Prepri\u010dan sem, da bo z ostalimi nepremi\u010dninskimi informacijami, ki jih nudi portal\u00a0Trg nepremi\u010dnin, nepogre\u0161ljiv vir podatkov za strokovnjake na nepremi\u010dninskem podro\u010dju in vse druge aktivne udele\u017eence nepremi\u010dninskega trga.\"<\/blockquote>\n\t\t\t<\/div>\n\t\t\t <div class=\"clearfix\"><\/div>\n\t\t<\/div>\n\t\t<div class=\"themetechmount-box-author\">\t\n\t\t  \t\t\t\t<div class=\"themetechmount-box-img\"><span class=\"themetechmount-icon-box\"><i class=\"demo-icon tm-axacus-icon-quote-left\"><\/i><\/span><\/div>\n\t\t\t\t<div class=\"themetechmount-box-title\"><h3 class=\"themetechmount-author-name\">Ale\u0161 Perov\u0161ek<\/h3><span class=\"themetechmount-box-footer\">vodja Sektorja za trg nepremi\u010dnin Urada za mno\u017ei\u010dno vrednotenje nepremi\u010dnin na Geodetski upravi RS<\/span><\/div>\t\n\t\t<\/div>\t\t\t\t\t\n\t<\/div>\n<\/article><\/div>\n\t\t\t\t<\/div>\n\t\t\t<\/div><!-- .themetechmount-boxes-inner -->   <\/div><!-- .themetechmount-boxes -->  [\/vc_column][\/vc_row]<\/p>\n<\/div>","protected":false},"excerpt":{"rendered":"<p>[vc_row tm_bgimagefixed=&#8221;&#8221; tm_responsive_css=&#8221;76664450|colbreak_no|||||||||colbreak_no|||||45px||25px||colbreak_no||||||||||colbreak_no|||||||||&#8221;][vc_column css=&#8221;.vc_custom_1608887436287{padding-bottom: 7px !important;}&#8221;][vc_column_text][\/vc_column_text][\/vc_column][\/vc_row][vc_row tm_bgimagefixed=&#8221;&#8221; full_width=&#8221;stretch_row&#8221; css=&#8221;.vc_custom_1617267377212{padding-top: 96px !important;padding-bottom: 66px !important;background-image: url(https:\/\/www.trgnepremicnin.si\/wp-content\/uploads\/2021\/04\/vrsta_statisticni_podatki.png?id=2252) !important;background-position: center !important;background-repeat: no-repeat !important;background-size: cover !important;}&#8221; tm_responsive_css=&#8221;65902203|colbreak_no|||||||||colbreak_no|||||50px||10px||colbreak_no||||||||||colbreak_no|||||||||&#8221;][vc_column tm_textcolor=&#8221;white&#8221; width=&#8221;5\/6&#8243;][vc_row_inner el_class=&#8221;tm-column-inline&#8221; css=&#8221;.vc_custom_1612183516190{padding-top: 0px !important;}&#8221;][vc_column_inner width=&#8221;1\/3&#8243; css=&#8221;.vc_custom_1602049609942{padding-right: 0px !important;padding-left: 17px !important;}&#8221;][\/vc_column_inner][vc_column_inner width=&#8221;1\/3&#8243; css=&#8221;.vc_custom_1602049459816{padding-top: 19px !important;}&#8221;][\/vc_column_inner][vc_column_inner width=&#8221;1\/3&#8243; css=&#8221;.vc_custom_1600691556491{padding-right: 8px !important;}&#8221;][\/vc_column_inner][\/vc_row_inner][\/vc_column][vc_column width=&#8221;1\/6&#8243;][\/vc_column][\/vc_row][vc_row tm_bgcolor=&#8221;white&#8221; tm_bgimagefixed=&#8221;&#8221; tm_zindex=&#8221;2&#8243; full_width=&#8221;stretch_row&#8221; tm_responsive_css=&#8221;68558052|colbreak_no|||||100px||||colbreak_no|0px||||45px||0px||colbreak_no||||||||||colbreak_no|||||||||&#8221; css=&#8221;.vc_custom_1667549340041{padding-top: 80px !important;}&#8221;][vc_column][vc_row_inner css=&#8221;.vc_custom_1667549173834{padding-bottom: 15px !important;}&#8221;][vc_column_inner][\/vc_column_inner][\/vc_row_inner][vc_tta_tabs color=&#8221;white&#8221; &hellip; <a href=\"https:\/\/trgnepremicnin.si\/sl\/testimonial\/rayan-methew\/\" class=\"more-link\">Continue reading <span class=\"screen-reader-text\">Ale\u0161 Perov\u0161ek<\/span><\/a><\/p>\n","protected":false},"author":1,"featured_media":0,"parent":0,"menu_order":0,"comment_status":"closed","ping_status":"closed","template":"","meta":{"footnotes":"","_links_to":"","_links_to_target":""},"class_list":["post-46","page","type-page","status-publish","hentry"],"_links":{"self":[{"href":"https:\/\/trgnepremicnin.si\/sl\/wp-json\/wp\/v2\/pages\/46","targetHints":{"allow":["GET"]}}],"collection":[{"href":"https:\/\/trgnepremicnin.si\/sl\/wp-json\/wp\/v2\/pages"}],"about":[{"href":"https:\/\/trgnepremicnin.si\/sl\/wp-json\/wp\/v2\/types\/page"}],"author":[{"embeddable":true,"href":"https:\/\/trgnepremicnin.si\/sl\/wp-json\/wp\/v2\/users\/1"}],"replies":[{"embeddable":true,"href":"https:\/\/trgnepremicnin.si\/sl\/wp-json\/wp\/v2\/comments?post=46"}],"version-history":[{"count":60,"href":"https:\/\/trgnepremicnin.si\/sl\/wp-json\/wp\/v2\/pages\/46\/revisions"}],"predecessor-version":[{"id":2969,"href":"https:\/\/trgnepremicnin.si\/sl\/wp-json\/wp\/v2\/pages\/46\/revisions\/2969"}],"wp:attachment":[{"href":"https:\/\/trgnepremicnin.si\/sl\/wp-json\/wp\/v2\/media?parent=46"}],"curies":[{"name":"wp","href":"https:\/\/api.w.org\/{rel}","templated":true}]}}